{"id":4985,"date":"2024-08-19T18:47:26","date_gmt":"2024-08-19T16:47:26","guid":{"rendered":"http:\/\/psonizgierz.pl\/?page_id=4985"},"modified":"2025-01-10T10:30:09","modified_gmt":"2025-01-10T09:30:09","slug":"materialy-do-pobrania-owi","status":"publish","type":"page","link":"https:\/\/psonizgierz.pl\/?page_id=4985","title":{"rendered":"Materia\u0142y do pobrania \/OWI\/"},"content":{"rendered":"\n<p><a href=\"https:\/\/psonizgierz.pl\/wp-content\/uploads\/2024\/08\/zgoda-na-terapie-CZP-do-pobrania.pdf\">Zgoda na udzielanie \u015bwiadcze\u0144 w Centrum Zdrowia Psychicznego .pdf<\/a><\/p>\n\n\n\n<p><a href=\"https:\/\/psonizgierz.pl\/wp-content\/uploads\/2024\/08\/zgoda-na-terapie-PL-do-pobrania.pdf\">Zgoda na terapi\u0119 Poradnia Logopedyczna .pdf<\/a><\/p>\n\n\n\n<p><a href=\"https:\/\/psonizgierz.pl\/wp-content\/uploads\/2024\/08\/Polityka-ochrony-dzieci.pdf\">Polityka ochrony dzieci przed krzywdzeniem obowi\u0105zuj\u0105ca na terenie OWI .pdf<\/a><\/p>\n\n\n\n<p><a href=\"https:\/\/psonizgierz.pl\/wp-content\/uploads\/2024\/08\/Regulamin-OWI-obowiazujacy-w-czasie-epidemii-do-pobrania.pdf\">Regulamin \u015bwiadczenia us\u0142ug w czasie epidemii obowi\u0105zuj\u0105cy na terenie OWI .pdf<\/a><\/p>\n\n\n\n<p><a href=\"https:\/\/psonizgierz.pl\/wp-content\/uploads\/2025\/01\/wniosek-opinia.pdf\">Wniosek o wydanie opinii .pdf<\/a><\/p>\n\n\n\n<p><a href=\"https:\/\/psonizgierz.pl\/wp-content\/uploads\/2024\/08\/wniosek-kserokopia-dokumentacji-lekarskiej-do-pobrania.pdf\">Wniosek o kserokopi\u0119 dokumentacji lekarskiej .pdf<\/a><\/p>\n","protected":false},"excerpt":{"rendered":"<p>Zgoda na udzielanie \u015bwiadcze\u0144 w Centrum Zdrowia Psychicznego .pdf Zgoda na terapi\u0119 Poradnia Logopedyczna .pdf Polityka ochrony dzieci przed krzywdzeniem obowi\u0105zuj\u0105ca na terenie OWI .pdf Regulamin \u015bwiadczenia us\u0142ug w czasie epidemii obowi\u0105zuj\u0105cy na terenie OWI .pdf Wniosek o wydanie opinii .pdf Wniosek o kserokopi\u0119 dokumentacji lekarskiej .pdf<\/p>\n","protected":false},"author":2,"featured_media":0,"parent":0,"menu_order":0,"comment_status":"closed","ping_status":"closed","template":"","meta":{"footnotes":""},"class_list":["post-4985","page","type-page","status-publish","hentry"],"_links":{"self":[{"href":"https:\/\/psonizgierz.pl\/index.php?rest_route=\/wp\/v2\/pages\/4985","targetHints":{"allow":["GET"]}}],"collection":[{"href":"https:\/\/psonizgierz.pl\/index.php?rest_route=\/wp\/v2\/pages"}],"about":[{"href":"https:\/\/psonizgierz.pl\/index.php?rest_route=\/wp\/v2\/types\/page"}],"author":[{"embeddable":true,"href":"https:\/\/psonizgierz.pl\/index.php?rest_route=\/wp\/v2\/users\/2"}],"replies":[{"embeddable":true,"href":"https:\/\/psonizgierz.pl\/index.php?rest_route=%2Fwp%2Fv2%2Fcomments&post=4985"}],"version-history":[{"count":7,"href":"https:\/\/psonizgierz.pl\/index.php?rest_route=\/wp\/v2\/pages\/4985\/revisions"}],"predecessor-version":[{"id":5055,"href":"https:\/\/psonizgierz.pl\/index.php?rest_route=\/wp\/v2\/pages\/4985\/revisions\/5055"}],"wp:attachment":[{"href":"https:\/\/psonizgierz.pl\/index.php?rest_route=%2Fwp%2Fv2%2Fmedia&parent=4985"}],"curies":[{"name":"wp","href":"https:\/\/api.w.org\/{rel}","templated":true}]}}