{"id":501,"date":"2018-12-10T18:40:37","date_gmt":"2018-12-10T17:40:37","guid":{"rendered":"http:\/\/psonizgierz.pl\/?page_id=501"},"modified":"2018-12-10T18:44:48","modified_gmt":"2018-12-10T17:44:48","slug":"transport","status":"publish","type":"page","link":"https:\/\/psonizgierz.pl\/?page_id=501","title":{"rendered":"Transport"},"content":{"rendered":"\n<figure class=\"wp-block-image\"><img loading=\"lazy\" decoding=\"async\" width=\"1024\" height=\"671\" src=\"https:\/\/psonizgierz.pl\/wp-content\/uploads\/2018\/12\/22528616_1495306667224906_5241378602034681240_o-1-1024x671.jpg\" alt=\"\" class=\"wp-image-505\" srcset=\"https:\/\/psonizgierz.pl\/wp-content\/uploads\/2018\/12\/22528616_1495306667224906_5241378602034681240_o-1-1024x671.jpg 1024w, https:\/\/psonizgierz.pl\/wp-content\/uploads\/2018\/12\/22528616_1495306667224906_5241378602034681240_o-1-300x197.jpg 300w, https:\/\/psonizgierz.pl\/wp-content\/uploads\/2018\/12\/22528616_1495306667224906_5241378602034681240_o-1-768x503.jpg 768w, https:\/\/psonizgierz.pl\/wp-content\/uploads\/2018\/12\/22528616_1495306667224906_5241378602034681240_o-1.jpg 2048w\" sizes=\"auto, (max-width: 1024px) 100vw, 1024px\" \/><\/figure>\n\n\n\n<p>Dow\u00f3z os\u00f3b z niepe\u0142nosprawno\u015bci\u0105 intelektualn\u0105 na zaj\u0119cia terapeutyczne i rehabilitacyjne do plac\u00f3wek oraz pozosta\u0142e spotkania kulturowo- integracyjne odbywaj\u0105ce si\u0119 poza nimi jest kluczowym dzia\u0142aniem w zakresie integracji os\u00f3b niepe\u0142nosprawnych ze \u015brodowiskiem.<br>Posiadane samochody zosta\u0142y dofinansowane z \u015brodk\u00f3w PFRON.<\/p>\n\n\n\n<div class=\"wp-block-image\"><figure class=\"alignright is-resized\"><img loading=\"lazy\" decoding=\"async\" src=\"https:\/\/psonizgierz.pl\/wp-content\/uploads\/2018\/12\/19417140_1380542608701313_5442657518970772639_o-1024x681.jpg\" alt=\"\" class=\"wp-image-506\" width=\"403\" height=\"267\" srcset=\"https:\/\/psonizgierz.pl\/wp-content\/uploads\/2018\/12\/19417140_1380542608701313_5442657518970772639_o-1024x681.jpg 1024w, https:\/\/psonizgierz.pl\/wp-content\/uploads\/2018\/12\/19417140_1380542608701313_5442657518970772639_o-300x199.jpg 300w, https:\/\/psonizgierz.pl\/wp-content\/uploads\/2018\/12\/19417140_1380542608701313_5442657518970772639_o-768x510.jpg 768w, https:\/\/psonizgierz.pl\/wp-content\/uploads\/2018\/12\/19417140_1380542608701313_5442657518970772639_o.jpg 2048w\" sizes=\"auto, (max-width: 403px) 100vw, 403px\" \/><\/figure><\/div>\n\n\n\n<p><\/p>\n","protected":false},"excerpt":{"rendered":"<p>Dow\u00f3z os\u00f3b z niepe\u0142nosprawno\u015bci\u0105 intelektualn\u0105 na zaj\u0119cia terapeutyczne i rehabilitacyjne do plac\u00f3wek oraz pozosta\u0142e spotkania kulturowo- integracyjne odbywaj\u0105ce si\u0119 poza nimi jest kluczowym dzia\u0142aniem w zakresie integracji os\u00f3b niepe\u0142nosprawnych ze \u015brodowiskiem.Posiadane samochody zosta\u0142y dofinansowane z \u015brodk\u00f3w PFRON.<\/p>\n","protected":false},"author":3,"featured_media":0,"parent":0,"menu_order":0,"comment_status":"closed","ping_status":"closed","template":"","meta":{"footnotes":""},"class_list":["post-501","page","type-page","status-publish","hentry"],"_links":{"self":[{"href":"https:\/\/psonizgierz.pl\/index.php?rest_route=\/wp\/v2\/pages\/501","targetHints":{"allow":["GET"]}}],"collection":[{"href":"https:\/\/psonizgierz.pl\/index.php?rest_route=\/wp\/v2\/pages"}],"about":[{"href":"https:\/\/psonizgierz.pl\/index.php?rest_route=\/wp\/v2\/types\/page"}],"author":[{"embeddable":true,"href":"https:\/\/psonizgierz.pl\/index.php?rest_route=\/wp\/v2\/users\/3"}],"replies":[{"embeddable":true,"href":"https:\/\/psonizgierz.pl\/index.php?rest_route=%2Fwp%2Fv2%2Fcomments&post=501"}],"version-history":[{"count":2,"href":"https:\/\/psonizgierz.pl\/index.php?rest_route=\/wp\/v2\/pages\/501\/revisions"}],"predecessor-version":[{"id":507,"href":"https:\/\/psonizgierz.pl\/index.php?rest_route=\/wp\/v2\/pages\/501\/revisions\/507"}],"wp:attachment":[{"href":"https:\/\/psonizgierz.pl\/index.php?rest_route=%2Fwp%2Fv2%2Fmedia&parent=501"}],"curies":[{"name":"wp","href":"https:\/\/api.w.org\/{rel}","templated":true}]}}