{"id":5211,"date":"2025-09-01T12:43:15","date_gmt":"2025-09-01T10:43:15","guid":{"rendered":"http:\/\/psonizgierz.pl\/?page_id=5211"},"modified":"2025-09-18T19:04:42","modified_gmt":"2025-09-18T17:04:42","slug":"oferta-3-2025","status":"publish","type":"page","link":"https:\/\/psonizgierz.pl\/?page_id=5211","title":{"rendered":"Oferta 3\/2025"},"content":{"rendered":"\n<p><a href=\"https:\/\/psonizgierz.pl\/wp-content\/uploads\/2025\/09\/wynik-postepowania_dostepnosc-Samochod-_28.08.2025-\u2014-kopia-sig-sig.pdf\">Wynik post\u0119powania<\/a><\/p>\n\n\n\n<p><a href=\"https:\/\/psonizgierz.pl\/wp-content\/uploads\/2025\/09\/ZAPYTANIE-OFERTOWE-3_2025_ZO_PSONI.pdf\">Zapytanie ofertowe<\/a><\/p>\n\n\n\n<p><a href=\"https:\/\/psonizgierz.pl\/wp-content\/uploads\/2025\/09\/Zalacznik-nr-1.-Opis-funkcjonalny-i-specyfikacja-przedmiotu-zamowienia01.09.2025.pdf\">Opis funkcjonalny i specyfikacja przedmiotu zam\u00f3wienia<\/a><\/p>\n\n\n\n<p><a href=\"https:\/\/psonizgierz.pl\/wp-content\/uploads\/2025\/09\/Zalacznik-nr-2.-Formularz-ofertowy01.09.2025.pdf\">Formularz ofertowy<\/a><\/p>\n\n\n\n<p><a href=\"https:\/\/psonizgierz.pl\/wp-content\/uploads\/2025\/09\/Zalacznik-nr-3.-Oswiadczenie-o-spelnieniu-warunkow-udzialu-w-postepowaniu01.09.2025.pdf\">O\u015bwiadczenie o spe\u0142nieniu warunk\u00f3w udzia\u0142u w post\u0119powaniu<\/a><\/p>\n\n\n\n<p><a href=\"https:\/\/psonizgierz.pl\/wp-content\/uploads\/2025\/09\/Zalacznik-nr-4.-Oswiadczenie-o-niepodleganiu-wykluczeniu01.09.2025.pdf\">O\u015bwiadczenie o niepodleganiu wykluczeniu<\/a><\/p>\n\n\n\n<p><a href=\"https:\/\/psonizgierz.pl\/wp-content\/uploads\/2025\/09\/Zalacznik-nr-5.-Oswiadczenia-o-braku-powiazan-kapitalowych-lub-osobowych01.09.2025.pdf\">O\u015bwiadczenia o braku powi\u0105za\u0144 kapita\u0142owych lub osobowych<\/a><\/p>\n","protected":false},"excerpt":{"rendered":"<p>Wynik post\u0119powania Zapytanie ofertowe Opis funkcjonalny i specyfikacja przedmiotu zam\u00f3wienia Formularz ofertowy O\u015bwiadczenie o spe\u0142nieniu warunk\u00f3w udzia\u0142u w post\u0119powaniu O\u015bwiadczenie o niepodleganiu wykluczeniu O\u015bwiadczenia o braku powi\u0105za\u0144 kapita\u0142owych lub osobowych<\/p>\n","protected":false},"author":2,"featured_media":0,"parent":0,"menu_order":0,"comment_status":"closed","ping_status":"closed","template":"","meta":{"footnotes":""},"class_list":["post-5211","page","type-page","status-publish","hentry"],"_links":{"self":[{"href":"https:\/\/psonizgierz.pl\/index.php?rest_route=\/wp\/v2\/pages\/5211","targetHints":{"allow":["GET"]}}],"collection":[{"href":"https:\/\/psonizgierz.pl\/index.php?rest_route=\/wp\/v2\/pages"}],"about":[{"href":"https:\/\/psonizgierz.pl\/index.php?rest_route=\/wp\/v2\/types\/page"}],"author":[{"embeddable":true,"href":"https:\/\/psonizgierz.pl\/index.php?rest_route=\/wp\/v2\/users\/2"}],"replies":[{"embeddable":true,"href":"https:\/\/psonizgierz.pl\/index.php?rest_route=%2Fwp%2Fv2%2Fcomments&post=5211"}],"version-history":[{"count":9,"href":"https:\/\/psonizgierz.pl\/index.php?rest_route=\/wp\/v2\/pages\/5211\/revisions"}],"predecessor-version":[{"id":5231,"href":"https:\/\/psonizgierz.pl\/index.php?rest_route=\/wp\/v2\/pages\/5211\/revisions\/5231"}],"wp:attachment":[{"href":"https:\/\/psonizgierz.pl\/index.php?rest_route=%2Fwp%2Fv2%2Fmedia&parent=5211"}],"curies":[{"name":"wp","href":"https:\/\/api.w.org\/{rel}","templated":true}]}}