{"id":556,"date":"2018-12-10T22:58:31","date_gmt":"2018-12-10T21:58:31","guid":{"rendered":"http:\/\/psonizgierz.pl\/?page_id=556"},"modified":"2021-01-03T16:17:11","modified_gmt":"2021-01-03T15:17:11","slug":"centrum-dzwoni","status":"publish","type":"page","link":"https:\/\/psonizgierz.pl\/?page_id=556","title":{"rendered":"Centrum DZWONI"},"content":{"rendered":"\n<p class=\"has-text-align-left\"><strong>Centrum Doradztwa Zawodowego i Wspierania Os\u00f3b Niepe\u0142nosprawnych Intelektualnie&nbsp;<\/strong><\/p>\n\n\n\n<div class=\"wp-block-image\"><figure class=\"alignright is-resized\"><a href=\"https:\/\/www.centrumdzwoni.pl\/\"><img loading=\"lazy\" decoding=\"async\" src=\"https:\/\/psonizgierz.pl\/wp-content\/uploads\/2018\/12\/g12-841x1024.png\" alt=\"\" class=\"wp-image-353\" width=\"226\" height=\"275\" srcset=\"https:\/\/psonizgierz.pl\/wp-content\/uploads\/2018\/12\/g12-841x1024.png 841w, https:\/\/psonizgierz.pl\/wp-content\/uploads\/2018\/12\/g12-246x300.png 246w, https:\/\/psonizgierz.pl\/wp-content\/uploads\/2018\/12\/g12-768x935.png 768w, https:\/\/psonizgierz.pl\/wp-content\/uploads\/2018\/12\/g12.png 1804w\" sizes=\"auto, (max-width: 226px) 100vw, 226px\" \/><\/a><\/figure><\/div>\n\n\n\n<p><em>Cele Centrum DZWONI:<br>&#8211; Aktywizacja zawodowa os\u00f3b z niepe\u0142nosprawno\u015bci\u0105 intelektualn\u0105, grupy najbardziej dyskryminowanej<br>na rynku pracy;<br>&#8211; Koordynacja przep\u0142ywu os\u00f3b z niepe\u0142nosprawno\u015bci\u0105 intelektualn\u0105 z etapu terapii i edukacji poprzez<br>szkolenia, praktyki, sta\u017ce do pracy na chronionym i otwartym rynku pracy.<\/em><\/p>\n\n\n\n<ul class=\"wp-block-list\"><li> Centra DZWONI&nbsp;\ud83d\udd14&nbsp;to profesjonalne agencje zatrudnienia prowadzone przez PSONI w 7 miastach w kraju. DZWONI wprowadzaj\u0105 osoby z niepe\u0142nosprawno\u015bci\u0105 intelektualn\u0105 na otwarty rynek pracy i wspieraj\u0105 w utrzymaniu zatrudnienia.<\/li><li>\ud83d\udd14&nbsp;blisko 1500 os\u00f3b z niepe\u0142nosprawno\u015bci\u0105 intelektualn\u0105, kt\u00f3re skorzysta\u0142y ze wsparcia Centr\u00f3w w ostatnich 3 latach<\/li><li>\ud83d\udd14&nbsp;699 os\u00f3b skutecznie utrzymuj\u0105cych zatrudnienie<\/li><li>\ud83d\udd14&nbsp;315 os\u00f3b, kt\u00f3re podj\u0119\u0142y prac\u0119<\/li><li>\ud83d\udd14&nbsp;486 przygotowuje si\u0119 do zatrudnienia korzystaj\u0105c z pomocy trener\u00f3w pracy, psycholog\u00f3w i doradc\u00f3w zawodowych. <br>\ud83d\udc4f&nbsp;Centrum DZWONI Bia\u0142ystok&nbsp;<a href=\"https:\/\/www.facebook.com\/Centrum-DZWONI-Bytom-246112152197447\/?__tn__=K-R&amp;eid=ARDLznvvlVH04ZNvL_VZAPmJq94xZuDBXXvngdM49TWGiBQevfICLwD5d2ub84Id1BuoQJi19fJtkDg3&amp;fref=mentions&amp;__xts__%5B0%5D=68.ARAKzcuTyoif4MPwrsX2mw_7HqFsBkrNfGOUygjE16jhJwqmSLdoxHtvfDQ3xTZog55WEq6EhObz_pJiJCwW6ERJcF3TwSvFTF2qaPMRVvKrFM4mu3znX6HevX0m3iLATwCr47TlCZRinByD6Ek3jsp7HU7BLNa4XI5Oe4zoB4aY-3lmP5T1Hy1LKMl2orqQ9xyKTlY0bpgsyhZFubcnhAbenTfcQ38GcsQO07bnNQhEwcSxW8JiOghiNDDDj4YMh4rgQH1DMwdV6WdV97GzRNdDR-SPSuPw1lg4CGcRxoZk5bShX6Yq36LIc3CUIswjs8q6lXh6nWijAoW0oORERef6jQ\">Centrum DZWONI Bytom<\/a>&nbsp;Centrum DZWONI Gda\u0144sk&nbsp;<a href=\"https:\/\/www.facebook.com\/dzwonijaroslaw\/?__tn__=K-R&amp;eid=ARD3spFNFuyq2RcXZsyD9rxZ7EbYPZIR_f1AiWtKPaeWnSIXCD5twVuUijZc9khlspwc3g6zDMD415Bh&amp;fref=mentions&amp;__xts__%5B0%5D=68.ARAKzcuTyoif4MPwrsX2mw_7HqFsBkrNfGOUygjE16jhJwqmSLdoxHtvfDQ3xTZog55WEq6EhObz_pJiJCwW6ERJcF3TwSvFTF2qaPMRVvKrFM4mu3znX6HevX0m3iLATwCr47TlCZRinByD6Ek3jsp7HU7BLNa4XI5Oe4zoB4aY-3lmP5T1Hy1LKMl2orqQ9xyKTlY0bpgsyhZFubcnhAbenTfcQ38GcsQO07bnNQhEwcSxW8JiOghiNDDDj4YMh4rgQH1DMwdV6WdV97GzRNdDR-SPSuPw1lg4CGcRxoZk5bShX6Yq36LIc3CUIswjs8q6lXh6nWijAoW0oORERef6jQ\">Centrum DZWONI Jaros\u0142aw<\/a>&nbsp;<a href=\"https:\/\/www.facebook.com\/centrumdzwoniostroda\/?__tn__=K-R&amp;eid=ARCata--TqV6N6seNxFGt06EnVO7EMosi102xNCq8utCwbAjU9ami9NAcJRlMhRgVtiyDRwqtXqBhEyk&amp;fref=mentions&amp;__xts__%5B0%5D=68.ARAKzcuTyoif4MPwrsX2mw_7HqFsBkrNfGOUygjE16jhJwqmSLdoxHtvfDQ3xTZog55WEq6EhObz_pJiJCwW6ERJcF3TwSvFTF2qaPMRVvKrFM4mu3znX6HevX0m3iLATwCr47TlCZRinByD6Ek3jsp7HU7BLNa4XI5Oe4zoB4aY-3lmP5T1Hy1LKMl2orqQ9xyKTlY0bpgsyhZFubcnhAbenTfcQ38GcsQO07bnNQhEwcSxW8JiOghiNDDDj4YMh4rgQH1DMwdV6WdV97GzRNdDR-SPSuPw1lg4CGcRxoZk5bShX6Yq36LIc3CUIswjs8q6lXh6nWijAoW0oORERef6jQ\">Centrum DZWONI Ostr\u00f3da<\/a>&nbsp;<a href=\"https:\/\/www.facebook.com\/centrumdzwoniwarszawa\/?__tn__=K-R&amp;eid=ARDRltQQvf6cAF7uYjFyKMxtslJDvIBXKWRF3oTrRmdVxf056lmOyFEb0xPkWKgNXTnQA3nVJEr6hBta&amp;fref=mentions&amp;__xts__%5B0%5D=68.ARAKzcuTyoif4MPwrsX2mw_7HqFsBkrNfGOUygjE16jhJwqmSLdoxHtvfDQ3xTZog55WEq6EhObz_pJiJCwW6ERJcF3TwSvFTF2qaPMRVvKrFM4mu3znX6HevX0m3iLATwCr47TlCZRinByD6Ek3jsp7HU7BLNa4XI5Oe4zoB4aY-3lmP5T1Hy1LKMl2orqQ9xyKTlY0bpgsyhZFubcnhAbenTfcQ38GcsQO07bnNQhEwcSxW8JiOghiNDDDj4YMh4rgQH1DMwdV6WdV97GzRNdDR-SPSuPw1lg4CGcRxoZk5bShX6Yq36LIc3CUIswjs8q6lXh6nWijAoW0oORERef6jQ\">Centrum Dzwoni Warszawa<\/a>&nbsp;Centrum DZWONI Zgierz&nbsp; <br><br><\/li><\/ul>\n\n\n\n<figure class=\"wp-block-embed-wordpress wp-block-embed is-type-video is-provider-youtube\"><div class=\"wp-block-embed__wrapper\">\n<iframe loading=\"lazy\" title=\"Inywidualnie i kompleksowo 2015\" width=\"500\" height=\"281\" src=\"https:\/\/www.youtube.com\/embed\/_YP0OJ_xU8c?feature=oembed\" frameborder=\"0\" allow=\"accelerometer; autoplay; clipboard-write; encrypted-media; gyroscope; picture-in-picture; web-share\" referrerpolicy=\"strict-origin-when-cross-origin\" allowfullscreen><\/iframe>\n<\/div><\/figure>\n\n\n\n<p><br><\/p>\n\n\n\n<p><a href=\"http:\/\/trenerpracy.pl\/wp-content\/uploads\/2015\/11\/www-EASY-TO-READ.pdf\">KTO MO\u017bE WZI\u0104\u0106 UDZIA\u0141 W PROJEKCIE &#8211; ZAPOZNAJ SI\u0118 <\/a><br><br>Osoby korzystaj\u0105ce z oferowanych przez Centrum DZWONI program\u00f3w mog\u0105 liczy\u0107 na fachow\u0105 pomoc i wsparcie psychologa, doradcy zawodowego oraz<br>trenera pracy, w zakresie:<br>&#8211; okre\u015blenia potencja\u0142u osoby z niepe\u0142nosprawno\u015bci\u0105 intelektualn\u0105;<br>&#8211; pomocy w znalezieniu szkole\u0144 i praktyk;<br>&#8211; pomocy w kontaktach z rodzicami i opiekunami, celem akceptacji i wsparcia osoby niepe\u0142nosprawnej;<br>&#8211; poszukiwania pracodawcy i odpowiedniego stanowiska pracy;<br>&#8211; przekazywania informacji pracodawcy z jakiej pomocy mo\u017ce skorzysta\u0107;<br>&#8211; pomocy osobie z niepe\u0142nosprawno\u015bci\u0105 intelektualn\u0105 w rozpocz\u0119ciu pracy oraz utrzymaniu stanowiska.<\/p>\n\n\n\n<h4 class=\"wp-block-heading\">5 RZECZY, KT\u00d3RE POWINIENE\u015a WIEDZIE\u0106 O ZATRUDNIANIU OS\u00d3B Z NIEPE\u0141NOSPRAWNO\u015aCI\u0104 INTELEKTUALN\u0104 NA OTWARTYM RYNKU PRACY <\/h4>\n\n\n\n<figure class=\"wp-block-image size-large\"><img loading=\"lazy\" decoding=\"async\" width=\"526\" height=\"676\" src=\"https:\/\/psonizgierz.pl\/wp-content\/uploads\/2021\/01\/130411763_1539760182878071_2422239095262139450_o.jpg\" alt=\"\" class=\"wp-image-3369\" srcset=\"https:\/\/psonizgierz.pl\/wp-content\/uploads\/2021\/01\/130411763_1539760182878071_2422239095262139450_o.jpg 526w, https:\/\/psonizgierz.pl\/wp-content\/uploads\/2021\/01\/130411763_1539760182878071_2422239095262139450_o-233x300.jpg 233w\" sizes=\"auto, (max-width: 526px) 100vw, 526px\" \/><\/figure>\n\n\n\n<div class=\"wp-block-image\"><figure class=\"alignright is-resized\"><img loading=\"lazy\" decoding=\"async\" src=\"https:\/\/psonizgierz.pl\/wp-content\/uploads\/2019\/04\/zdj\u0119cie-Zgierz-e1537873738250-1080x675-1024x640.jpg\" alt=\"\" class=\"wp-image-1345\" width=\"278\" height=\"173\" srcset=\"https:\/\/psonizgierz.pl\/wp-content\/uploads\/2019\/04\/zdj\u0119cie-Zgierz-e1537873738250-1080x675-1024x640.jpg 1024w, https:\/\/psonizgierz.pl\/wp-content\/uploads\/2019\/04\/zdj\u0119cie-Zgierz-e1537873738250-1080x675-300x188.jpg 300w, https:\/\/psonizgierz.pl\/wp-content\/uploads\/2019\/04\/zdj\u0119cie-Zgierz-e1537873738250-1080x675-768x480.jpg 768w, https:\/\/psonizgierz.pl\/wp-content\/uploads\/2019\/04\/zdj\u0119cie-Zgierz-e1537873738250-1080x675.jpg 1080w\" sizes=\"auto, (max-width: 278px) 100vw, 278px\" \/><\/figure><\/div>\n\n\n\n<p>KONTAKT:<\/p>\n\n\n\n<p><strong>Centrum DZWONI w Zgierzu<\/strong><br> ul. Al. Struga 13-21, lok. 208, 95-100 Zgierz<br> tel.: 726 136&nbsp;348<br> e-mail: <a rel=\"noreferrer noopener\" href=\"mailto:zgierz@centrumdzwoni.pl\" target=\"_blank\">zgierz@centrumdzwoni.pl<\/a><\/p>\n\n\n\n<p><br><\/p>\n\n\n\n<figure class=\"wp-block-image\"><a href=\"https:\/\/www.centrumdzwoni.pl\/\"><img loading=\"lazy\" decoding=\"async\" width=\"1024\" height=\"134\" src=\"https:\/\/psonizgierz.pl\/wp-content\/uploads\/2019\/04\/Pasek-4-zlinkiem-1024x134.jpg\" alt=\"\" class=\"wp-image-1347\" srcset=\"https:\/\/psonizgierz.pl\/wp-content\/uploads\/2019\/04\/Pasek-4-zlinkiem-1024x134.jpg 1024w, https:\/\/psonizgierz.pl\/wp-content\/uploads\/2019\/04\/Pasek-4-zlinkiem-300x39.jpg 300w, https:\/\/psonizgierz.pl\/wp-content\/uploads\/2019\/04\/Pasek-4-zlinkiem-768x100.jpg 768w, https:\/\/psonizgierz.pl\/wp-content\/uploads\/2019\/04\/Pasek-4-zlinkiem.jpg 1070w\" sizes=\"auto, (max-width: 1024px) 100vw, 1024px\" \/><\/a><\/figure>\n","protected":false},"excerpt":{"rendered":"<p>Centrum Doradztwa Zawodowego i Wspierania Os\u00f3b Niepe\u0142nosprawnych Intelektualnie&nbsp; Cele Centrum DZWONI:&#8211; Aktywizacja zawodowa os\u00f3b z niepe\u0142nosprawno\u015bci\u0105 intelektualn\u0105, grupy najbardziej dyskryminowanejna rynku pracy;&#8211; Koordynacja przep\u0142ywu os\u00f3b z niepe\u0142nosprawno\u015bci\u0105 intelektualn\u0105 z etapu terapii i edukacji poprzezszkolenia, praktyki, sta\u017ce do pracy na chronionym i otwartym rynku pracy. Centra DZWONI&nbsp;\ud83d\udd14&nbsp;to profesjonalne agencje zatrudnienia prowadzone przez PSONI w 7 miastach [&hellip;]<\/p>\n","protected":false},"author":3,"featured_media":353,"parent":0,"menu_order":0,"comment_status":"closed","ping_status":"closed","template":"front-page.php","meta":{"footnotes":""},"class_list":["post-556","page","type-page","status-publish","has-post-thumbnail","hentry"],"_links":{"self":[{"href":"https:\/\/psonizgierz.pl\/index.php?rest_route=\/wp\/v2\/pages\/556","targetHints":{"allow":["GET"]}}],"collection":[{"href":"https:\/\/psonizgierz.pl\/index.php?rest_route=\/wp\/v2\/pages"}],"about":[{"href":"https:\/\/psonizgierz.pl\/index.php?rest_route=\/wp\/v2\/types\/page"}],"author":[{"embeddable":true,"href":"https:\/\/psonizgierz.pl\/index.php?rest_route=\/wp\/v2\/users\/3"}],"replies":[{"embeddable":true,"href":"https:\/\/psonizgierz.pl\/index.php?rest_route=%2Fwp%2Fv2%2Fcomments&post=556"}],"version-history":[{"count":20,"href":"https:\/\/psonizgierz.pl\/index.php?rest_route=\/wp\/v2\/pages\/556\/revisions"}],"predecessor-version":[{"id":3371,"href":"https:\/\/psonizgierz.pl\/index.php?rest_route=\/wp\/v2\/pages\/556\/revisions\/3371"}],"wp:featuredmedia":[{"embeddable":true,"href":"https:\/\/psonizgierz.pl\/index.php?rest_route=\/wp\/v2\/media\/353"}],"wp:attachment":[{"href":"https:\/\/psonizgierz.pl\/index.php?rest_route=%2Fwp%2Fv2%2Fmedia&parent=556"}],"curies":[{"name":"wp","href":"https:\/\/api.w.org\/{rel}","templated":true}]}}