{"id":611,"date":"2018-12-11T22:42:56","date_gmt":"2018-12-11T21:42:56","guid":{"rendered":"http:\/\/psonizgierz.pl\/?page_id=611"},"modified":"2019-02-11T13:37:14","modified_gmt":"2019-02-11T12:37:14","slug":"regionalna-organizacja-self-adwokatow-rosa","status":"publish","type":"page","link":"https:\/\/psonizgierz.pl\/?page_id=611","title":{"rendered":"Regionalna Organizacja Self Adwokat\u00f3w (ROSA)"},"content":{"rendered":"\n<p><em>Wszystko zacz\u0119\u0142o si\u0119 od \u0141ucznicy<\/em><br><\/p>\n\n\n\n<p><strong><em>\u201eNic o nas, bez nas. Rozw\u00f3j ruchu Self-Adwokat\u00f3w w Polsce\u201d<\/em><\/strong><\/p>\n\n\n\n<p>W 2009 roku Zarz\u0105d G\u0142\u00f3wny PSOUU (obecnie PSONI) zorganizowa\u0142 w \u0141ucznicy szkolenia dla K\u00f3\u0142 z ca\u0142ej Polski z zakresu selfadwokatury. Uczestnicy bior\u0105cy udzia\u0142 w szkoleniach mogli naby\u0107 umiej\u0119tno\u015bci wypowiadania si\u0119 na forum, zdoby\u0107 wiedz\u0119 na temat praw cz\u0142owieka i Konstytucji RP, pozna\u0107 osoby niepe\u0142nosprawne z r\u00f3\u017cnych K\u00f3\u0142 PSONI w Polsce. Jednocze\u015bnie mogli wymienia\u0107 do\u015bwiadczenia i nawi\u0105zywa\u0107 przyja\u017anie, a do tego uczestniczy\u0107 w warsztatach r\u0119kodzielniczych z zakresu garncarstwa i wikliniarstwa, kt\u00f3re proponowa\u0142 O\u015brodek Szkoleniowy w \u0141ucznicy, malowniczej wsi w wojew\u00f3dztwie mazowieckim. <br>Nasi uczestnicy dwukrotnie go\u015bcili w \u0141ucznicy, pierwsza grupa we wrze\u015bniu 2009 r.(Anna Lelewska, Piotr Flisiak, Katarzyna Flsiak i Alicja Wawrzy\u0144czak), natomiast druga w listopadzie (Anita Brzozowska, Damian Antczak, Piotr Sobczak i Iwona Stolarczyk). Po powrocie dzielili si\u0119 z pozosta\u0142ymi uczestnikami swoj\u0105 wiedz\u0105 i do\u015bwiadczeniami ale dopiero udzia\u0142 w projekcie przyczyni\u0142 si\u0119 do utworzenia grupy, kt\u00f3ra zacz\u0119\u0142a si\u0119 regularnie spotyka\u0107 i poszerza\u0107 swoj\u0105 wiedz\u0119.<\/p>\n\n\n\n<p>W dniach 23.- 26.08.2010r. grupa przysz\u0142ych Self- Adwokat\u00f3w ze Zgierza w sk\u0142adzie: Piotr Sobczak, Alicja Wawrzy\u0144czak, Damian Antczak i Anita Brzozowska, pod opiek\u0105 pani Julity Florczak- Sok\u00f3\u0142 i pani Alicji Szpakowskiej uda\u0142a si\u0119 na szkolenie do \u0141ucznicy pt. \u201e Umiej\u0119tno\u015bci i rola rzecznika w\u0142asnych praw ( Self \u2013Adwokata)\u201d.&nbsp; Dzi\u0119ki szkoleniu dosz\u0142o do utrwalenia wiedzy i poszerzenia umiej\u0119tno\u015bci z zakresu praw os\u00f3b niepe\u0142nosprawnych, komunikacji oraz bycia Self- Adwokatem. Jednocze\u015bnie uczestnicy byli przygotowywani do rozszerzenia grupy Self- Adwokat\u00f3w i przekazywania &nbsp;wiedzy innym osobom niepe\u0142nosprawnym.<\/p>\n\n\n\n<div class=\"wp-block-image\"><figure class=\"alignright\"><img decoding=\"async\" src=\"blob:https:\/\/psonizgierz.pl\/6dc2f7c0-0de4-468c-a183-edb0674a943f\" alt=\"\"\/><\/figure><\/div>\n\n\n\n<p><\/p>\n\n\n\n<p>W ramach projektu prowadzony by\u0142 r\u00f3wnie\u017c kurs j\u0119zyka angielskiego dla Self \u2013 Adwokat\u00f3w, &nbsp;zaj\u0119cia zgodzi\u0142a si\u0119 poprowadzi\u0107 pani Alicja Szpakowska. Na lekcje angielskiego by\u0142o &nbsp;przeznaczone 20 godzin, podczas kt\u00f3rych Self-Adwokaci mogli nauczy\u0107 si\u0119 podstawowych zwrot\u00f3w z zakresu temat\u00f3w tj.:<br>-miejsce zamieszkania i miejsce pochodzenia,<br>-hobby,<br>-jak si\u0119 zachowa\u0107 w restauracji, w hotelu, <br>-omawiano &nbsp;te\u017c film &nbsp;pokazuj\u0105cy &nbsp;udzia\u0142 Self \u2013 Adwokat\u00f3w &nbsp;w mi\u0119dzynarodowej konferencji \u201eEuropa w Akcji 2007\u201d.<br><\/p>\n\n\n\n<p>W ramach zaj\u0119\u0107 kandydaci na Self-Adwokat\u00f3w mogli naby\u0107 r\u00f3wnie\u017c &nbsp;wiedz\u0119 dotycz\u0105c\u0105 praw cz\u0142owieka, Konstytucji RP, dyskryminacji, trudno\u015bci os\u00f3b niepe\u0142nosprawnych, umiej\u0119tno\u015bci wypowiadania si\u0119 na forum, pomagania innym osobom niepe\u0142nosprawnym oraz organizowania spotka\u0144. W celu przekazania trudnych tre\u015bci w jak najbardziej dost\u0119pny dla os\u00f3b niepe\u0142nosprawnych spos\u00f3b stosowano r\u00f3\u017cnorodne formy prowadzonych zaj\u0119\u0107, <br><\/p>\n\n\n\n<p><strong><em>Pierwsza Konferencja ROSA<\/em><\/strong><br>W dniach 2- 3 grudnia 2010 r. w Warszawie odby\u0142o si\u0119 spotkanie wszystkich lider\u00f3w Self \u2013 Adwokat\u00f3w, bior\u0105cych udzia\u0142 w projekcje \u201e <strong><em>Nic o nas bez nas. Rozw\u00f3j ruchu Self- Adwokat\u00f3w w Polsce<\/em><\/strong>.\u201d <br>Zadaniem lider\u00f3w by\u0142o przedstawienie tego co uda\u0142o si\u0119 zrealizowa\u0107 podczas zaj\u0119\u0107 w poszczeg\u00f3lnych miastach. By\u0142a to r\u00f3wnie\u017c okazja do wymiany swoich do\u015bwiadcze\u0144 i wiadomo\u015bci oraz dzielenia si\u0119 trudno\u015bciami, kt\u00f3re napotka\u0142 ka\u017cdy lider podczas pracy z grup\u0105 i prowadzenia zaj\u0119\u0107.<\/p>\n\n\n\n<p>W dniu 10.03.2011r. w Centrum Szkoleniowo-Rehabilitacyjnym &nbsp;przy ul. Che\u0142mskiej 42\/ 42a odby\u0142o si\u0119 spotkanie zorganizowane przez Regionaln\u0105 Organizacj\u0119 Self-Adwokat\u00f3w(\n ROSA) ze Zgierza. Na spotkanie zostali zaproszeni koledzy i kole\u017canki z\n Warsztatu Terapii Zaj\u0119ciowej i Zespo\u0142u Terapeutyczno-Rehabilitacyjnego\n Aktywno\u015bci Spo\u0142ecznej wraz z terapeutami oraz Zarz\u0105d Ko\u0142a, z pani\u0105 \nPrzewodnicz\u0105c\u0105, Bo\u017cenn\u0105 Piotrowicz na czele.<br>Podczas spotkania grupa zgierskich Self-Adwokat\u00f3w\n przestawi\u0142a za\u0142o\u017cenia projektu, sw\u00f3j udzia\u0142 w nim oraz sukcesy, kt\u00f3re \nuda\u0142o si\u0119 osi\u0105gn\u0105\u0107. Z udzia\u0142u w projekcie wynikn\u0119\u0142o wiele korzy\u015bci, nie \nspos\u00f3b wymieni\u0107 wszystkich, jednak uczestnicy nauczyli si\u0119 mi\u0119dzy \ninnymi:<br><\/p>\n\n\n\n<ul class=\"wp-block-list\"><li>punktualno\u015bci, <br><\/li><li>wsp\u00f3\u0142dzia\u0142ania w grupie, <br><\/li><li>pomagania sobie nawzajem,<br><\/li><li>wypowiadania si\u0119,<br><\/li><li>bardziej panowa\u0107 nad stresem podczas wyst\u0105pie\u0144 na forum <br><\/li><li>przygotowywa\u0107 si\u0119 do &nbsp;zaj\u0119\u0107, <br><\/li><li>samodzielnego przygotowania zagadnie\u0144 <br><\/li><li>i tworzenia scenek obrazuj\u0105cych zagadnienia.<br><\/li><\/ul>\n\n\n\n<p><br>Na\n ostatnim listopadowym spotkaniu wszyscy &nbsp;w 2010r. uczestnicy wyrazili \nch\u0119\u0107 dalszego udzia\u0142u w grupie, uwie\u0144czeniem tej inicjatywy by\u0142o \npodpisanie Aktu Utworzenia Regionalnej Organizacji Self-Adwokat\u00f3w, \nby m\u00f3c dalej zdobywa\u0107 i poszerza\u0107 posiadane umiej\u0119tno\u015bci. Od tej pory \ngrupa spotyka\u0142a si\u0119 regularnie raz w tygodniu w pracowni komputerowej \nWTZ PSOUU Ko\u0142o w Zgierzu, by dalej pog\u0142\u0119bia\u0107 wiedz\u0119 z zakresu \nselfadwokatury z Liderem, Anit\u0105 Brzozowsk\u0105 i osob\u0105 wspieraj\u0105c\u0105, Julit\u0105 \nFlorczak-Sok\u00f3\u0142.<br><\/p>\n\n\n\n<p><br><br><\/p>\n","protected":false},"excerpt":{"rendered":"<p>Wszystko zacz\u0119\u0142o si\u0119 od \u0141ucznicy \u201eNic o nas, bez nas. Rozw\u00f3j ruchu Self-Adwokat\u00f3w w Polsce\u201d W 2009 roku Zarz\u0105d G\u0142\u00f3wny PSOUU (obecnie PSONI) zorganizowa\u0142 w \u0141ucznicy szkolenia dla K\u00f3\u0142 z ca\u0142ej Polski z zakresu selfadwokatury. Uczestnicy bior\u0105cy udzia\u0142 w szkoleniach mogli naby\u0107 umiej\u0119tno\u015bci wypowiadania si\u0119 na forum, zdoby\u0107 wiedz\u0119 na temat praw cz\u0142owieka i Konstytucji [&hellip;]<\/p>\n","protected":false},"author":3,"featured_media":0,"parent":0,"menu_order":0,"comment_status":"closed","ping_status":"closed","template":"","meta":{"footnotes":""},"class_list":["post-611","page","type-page","status-publish","hentry"],"_links":{"self":[{"href":"https:\/\/psonizgierz.pl\/index.php?rest_route=\/wp\/v2\/pages\/611","targetHints":{"allow":["GET"]}}],"collection":[{"href":"https:\/\/psonizgierz.pl\/index.php?rest_route=\/wp\/v2\/pages"}],"about":[{"href":"https:\/\/psonizgierz.pl\/index.php?rest_route=\/wp\/v2\/types\/page"}],"author":[{"embeddable":true,"href":"https:\/\/psonizgierz.pl\/index.php?rest_route=\/wp\/v2\/users\/3"}],"replies":[{"embeddable":true,"href":"https:\/\/psonizgierz.pl\/index.php?rest_route=%2Fwp%2Fv2%2Fcomments&post=611"}],"version-history":[{"count":3,"href":"https:\/\/psonizgierz.pl\/index.php?rest_route=\/wp\/v2\/pages\/611\/revisions"}],"predecessor-version":[{"id":819,"href":"https:\/\/psonizgierz.pl\/index.php?rest_route=\/wp\/v2\/pages\/611\/revisions\/819"}],"wp:attachment":[{"href":"https:\/\/psonizgierz.pl\/index.php?rest_route=%2Fwp%2Fv2%2Fmedia&parent=611"}],"curies":[{"name":"wp","href":"https:\/\/api.w.org\/{rel}","templated":true}]}}