{"id":615,"date":"2018-12-11T22:52:50","date_gmt":"2018-12-11T21:52:50","guid":{"rendered":"http:\/\/psonizgierz.pl\/?page_id=615"},"modified":"2022-01-19T12:28:47","modified_gmt":"2022-01-19T11:28:47","slug":"pfron","status":"publish","type":"page","link":"https:\/\/psonizgierz.pl\/?page_id=615","title":{"rendered":"PFRON"},"content":{"rendered":"\n<p><strong>Warsztaty kompetencji spo\u0142ecznych os\u00f3b z niepe\u0142nosprawno\u015bci\u0105 intelektualn\u0105.<\/strong><\/p>\n\n\n\n<p>Dobieg\u0142 ko\u0144ca realizowany od wrze\u015bnia do grudnia 2021 roku projekt pn: Warsztaty kompetencji spo\u0142ecznych os\u00f3b z niepe\u0142nosprawno\u015bci\u0105 intelektualn\u0105. Zadanie zosta\u0142o zrealizowane z \u015brodk\u00f3w PFRON b\u0119d\u0105cych w dyspozycji Zarz\u0105du Wojew\u00f3dztwa \u0141\u00f3dzkiego. Rezultatem realizacji zadania by\u0142o przeprowadzenie 16 warsztat\u00f3w kompetencji spo\u0142ecznych dla 12 os\u00f3b z niepe\u0142nosprawno\u015bci\u0105 intelektualn\u0105, kt\u00f3rych celem by\u0142a poprawa warunk\u00f3w jako\u015bci \u017cycia, zwi\u0119kszenie mo\u017cliwo\u015bci ich samodzielnego funkcjonowania oraz zwi\u0119kszenie wiedzy w zakresie praw i obowi\u0105zk\u00f3w obywatelskich. W ramach podsumowania zrealizowanych dzia\u0142a\u0144 nagrano kr\u00f3tkometra\u017cowy film dotycz\u0105cy codziennego funkcjonowania uczestnik\u00f3w zadania, a tak\u017ce ich przyjaci\u00f3\u0142 (napotykanych trudno\u015bci, marginalizacji spo\u0142ecznej, barier architektonicznych, ale tak\u017ce ukazuj\u0105cy ich zdolno\u015bci i zainteresowania). Zorganizowano r\u00f3wnie\u017c konferencje podsumowuj\u0105c\u0105, dotycz\u0105ca praw os\u00f3b niepe\u0142nosprawnych pod has\u0142em \u201e Sami we w\u0142asnej sprawie \u2013 nasze umiej\u0119tno\u015bci\u201d . Zrealizowane dzia\u0142ania pozwoli\u0142y zrozumie\u0107 i u\u015bwiadomi\u0107 szerszemu spo\u0142ecze\u0144stwu, i\u017c osoby niepe\u0142nosprawne , mieszkaj\u0105 w ich s\u0105siedztwie, pragn\u0105 na ile to mo\u017cliwe samodzielnego funkcjonowa\u0107 w swoim \u015brodowisku, i podobnie jak ka\u017cdy maja prawo do godnego \u017cycia.<\/p>\n\n\n\n<figure class=\"wp-block-gallery columns-2 is-cropped wp-block-gallery-1 is-layout-flex wp-block-gallery-is-layout-flex\"><ul class=\"blocks-gallery-grid\"><li class=\"blocks-gallery-item\"><figure><a href=\"https:\/\/psonizgierz.pl\/wp-content\/uploads\/2022\/01\/249295921_2700696990235470_4162619564547452772_n.jpg\"><img loading=\"lazy\" decoding=\"async\" width=\"960\" height=\"540\" src=\"https:\/\/psonizgierz.pl\/wp-content\/uploads\/2022\/01\/249295921_2700696990235470_4162619564547452772_n.jpg\" alt=\"\" data-id=\"4040\" data-full-url=\"https:\/\/psonizgierz.pl\/wp-content\/uploads\/2022\/01\/249295921_2700696990235470_4162619564547452772_n.jpg\" data-link=\"https:\/\/psonizgierz.pl\/pfron\/249295921_2700696990235470_4162619564547452772_n\/\" class=\"wp-image-4040\" srcset=\"https:\/\/psonizgierz.pl\/wp-content\/uploads\/2022\/01\/249295921_2700696990235470_4162619564547452772_n.jpg 960w, https:\/\/psonizgierz.pl\/wp-content\/uploads\/2022\/01\/249295921_2700696990235470_4162619564547452772_n-300x169.jpg 300w, https:\/\/psonizgierz.pl\/wp-content\/uploads\/2022\/01\/249295921_2700696990235470_4162619564547452772_n-768x432.jpg 768w\" sizes=\"auto, (max-width: 960px) 100vw, 960px\" \/><\/a><\/figure><\/li><li class=\"blocks-gallery-item\"><figure><a href=\"https:\/\/psonizgierz.pl\/wp-content\/uploads\/2022\/01\/DSC_0763-scaled.jpg\"><img loading=\"lazy\" decoding=\"async\" width=\"1024\" height=\"681\" src=\"https:\/\/psonizgierz.pl\/wp-content\/uploads\/2022\/01\/DSC_0763-1024x681.jpg\" alt=\"\" data-id=\"4041\" data-full-url=\"https:\/\/psonizgierz.pl\/wp-content\/uploads\/2022\/01\/DSC_0763-scaled.jpg\" data-link=\"https:\/\/psonizgierz.pl\/pfron\/dsc_0763\/\" class=\"wp-image-4041\" srcset=\"https:\/\/psonizgierz.pl\/wp-content\/uploads\/2022\/01\/DSC_0763-1024x681.jpg 1024w, https:\/\/psonizgierz.pl\/wp-content\/uploads\/2022\/01\/DSC_0763-300x199.jpg 300w, https:\/\/psonizgierz.pl\/wp-content\/uploads\/2022\/01\/DSC_0763-768x511.jpg 768w, https:\/\/psonizgierz.pl\/wp-content\/uploads\/2022\/01\/DSC_0763-1536x1021.jpg 1536w, https:\/\/psonizgierz.pl\/wp-content\/uploads\/2022\/01\/DSC_0763-2048x1362.jpg 2048w\" sizes=\"auto, (max-width: 1024px) 100vw, 1024px\" \/><\/a><\/figure><\/li><li class=\"blocks-gallery-item\"><figure><a href=\"https:\/\/psonizgierz.pl\/wp-content\/uploads\/2022\/01\/Warsztaty-7-scaled.jpg\"><img loading=\"lazy\" decoding=\"async\" width=\"683\" height=\"1024\" src=\"https:\/\/psonizgierz.pl\/wp-content\/uploads\/2022\/01\/Warsztaty-7-683x1024.jpg\" alt=\"\" data-id=\"4042\" data-full-url=\"https:\/\/psonizgierz.pl\/wp-content\/uploads\/2022\/01\/Warsztaty-7-scaled.jpg\" data-link=\"https:\/\/psonizgierz.pl\/pfron\/warsztaty-7\/\" class=\"wp-image-4042\" srcset=\"https:\/\/psonizgierz.pl\/wp-content\/uploads\/2022\/01\/Warsztaty-7-683x1024.jpg 683w, https:\/\/psonizgierz.pl\/wp-content\/uploads\/2022\/01\/Warsztaty-7-200x300.jpg 200w, https:\/\/psonizgierz.pl\/wp-content\/uploads\/2022\/01\/Warsztaty-7-768x1152.jpg 768w, https:\/\/psonizgierz.pl\/wp-content\/uploads\/2022\/01\/Warsztaty-7-1024x1536.jpg 1024w, https:\/\/psonizgierz.pl\/wp-content\/uploads\/2022\/01\/Warsztaty-7-1365x2048.jpg 1365w, https:\/\/psonizgierz.pl\/wp-content\/uploads\/2022\/01\/Warsztaty-7-scaled.jpg 1707w\" sizes=\"auto, (max-width: 683px) 100vw, 683px\" \/><\/a><\/figure><\/li><li class=\"blocks-gallery-item\"><figure><a href=\"https:\/\/psonizgierz.pl\/wp-content\/uploads\/2022\/01\/Warsztaty-2-scaled.jpg\"><img loading=\"lazy\" decoding=\"async\" width=\"1024\" height=\"681\" src=\"https:\/\/psonizgierz.pl\/wp-content\/uploads\/2022\/01\/Warsztaty-2-1024x681.jpg\" alt=\"\" data-id=\"4043\" data-full-url=\"https:\/\/psonizgierz.pl\/wp-content\/uploads\/2022\/01\/Warsztaty-2-scaled.jpg\" data-link=\"https:\/\/psonizgierz.pl\/pfron\/warsztaty-2\/\" class=\"wp-image-4043\" srcset=\"https:\/\/psonizgierz.pl\/wp-content\/uploads\/2022\/01\/Warsztaty-2-1024x681.jpg 1024w, https:\/\/psonizgierz.pl\/wp-content\/uploads\/2022\/01\/Warsztaty-2-300x199.jpg 300w, https:\/\/psonizgierz.pl\/wp-content\/uploads\/2022\/01\/Warsztaty-2-768x511.jpg 768w, https:\/\/psonizgierz.pl\/wp-content\/uploads\/2022\/01\/Warsztaty-2-1536x1021.jpg 1536w, https:\/\/psonizgierz.pl\/wp-content\/uploads\/2022\/01\/Warsztaty-2-2048x1362.jpg 2048w\" sizes=\"auto, (max-width: 1024px) 100vw, 1024px\" \/><\/a><\/figure><\/li><li class=\"blocks-gallery-item\"><figure><a href=\"https:\/\/psonizgierz.pl\/wp-content\/uploads\/2022\/01\/Warsztaty-10-scaled.jpg\"><img loading=\"lazy\" decoding=\"async\" width=\"1024\" height=\"681\" src=\"https:\/\/psonizgierz.pl\/wp-content\/uploads\/2022\/01\/Warsztaty-10-1024x681.jpg\" alt=\"\" data-id=\"4044\" data-full-url=\"https:\/\/psonizgierz.pl\/wp-content\/uploads\/2022\/01\/Warsztaty-10-scaled.jpg\" data-link=\"https:\/\/psonizgierz.pl\/pfron\/warsztaty-10\/\" class=\"wp-image-4044\" srcset=\"https:\/\/psonizgierz.pl\/wp-content\/uploads\/2022\/01\/Warsztaty-10-1024x681.jpg 1024w, https:\/\/psonizgierz.pl\/wp-content\/uploads\/2022\/01\/Warsztaty-10-300x199.jpg 300w, https:\/\/psonizgierz.pl\/wp-content\/uploads\/2022\/01\/Warsztaty-10-768x511.jpg 768w, https:\/\/psonizgierz.pl\/wp-content\/uploads\/2022\/01\/Warsztaty-10-1536x1021.jpg 1536w, https:\/\/psonizgierz.pl\/wp-content\/uploads\/2022\/01\/Warsztaty-10-2048x1362.jpg 2048w\" sizes=\"auto, (max-width: 1024px) 100vw, 1024px\" \/><\/a><\/figure><\/li><li class=\"blocks-gallery-item\"><figure><a href=\"https:\/\/psonizgierz.pl\/wp-content\/uploads\/2022\/01\/Warsztaty-12-scaled.jpg\"><img loading=\"lazy\" decoding=\"async\" width=\"768\" height=\"1024\" src=\"https:\/\/psonizgierz.pl\/wp-content\/uploads\/2022\/01\/Warsztaty-12-768x1024.jpg\" alt=\"\" data-id=\"4045\" data-full-url=\"https:\/\/psonizgierz.pl\/wp-content\/uploads\/2022\/01\/Warsztaty-12-scaled.jpg\" data-link=\"https:\/\/psonizgierz.pl\/pfron\/warsztaty-12\/\" class=\"wp-image-4045\" srcset=\"https:\/\/psonizgierz.pl\/wp-content\/uploads\/2022\/01\/Warsztaty-12-768x1024.jpg 768w, https:\/\/psonizgierz.pl\/wp-content\/uploads\/2022\/01\/Warsztaty-12-225x300.jpg 225w, https:\/\/psonizgierz.pl\/wp-content\/uploads\/2022\/01\/Warsztaty-12-1152x1536.jpg 1152w, https:\/\/psonizgierz.pl\/wp-content\/uploads\/2022\/01\/Warsztaty-12-1536x2048.jpg 1536w, https:\/\/psonizgierz.pl\/wp-content\/uploads\/2022\/01\/Warsztaty-12-scaled.jpg 1920w\" sizes=\"auto, (max-width: 768px) 100vw, 768px\" \/><\/a><\/figure><\/li><\/ul><\/figure>\n\n\n\n<figure class=\"wp-block-image\"><img loading=\"lazy\" decoding=\"async\" width=\"1024\" height=\"541\" src=\"https:\/\/psonizgierz.pl\/wp-content\/uploads\/2018\/12\/PFRON_wersja_podstawowa_RGB-01-1024x541.jpg\" alt=\"\" class=\"wp-image-254\" srcset=\"https:\/\/psonizgierz.pl\/wp-content\/uploads\/2018\/12\/PFRON_wersja_podstawowa_RGB-01-1024x541.jpg 1024w, https:\/\/psonizgierz.pl\/wp-content\/uploads\/2018\/12\/PFRON_wersja_podstawowa_RGB-01-300x159.jpg 300w, https:\/\/psonizgierz.pl\/wp-content\/uploads\/2018\/12\/PFRON_wersja_podstawowa_RGB-01-768x406.jpg 768w\" sizes=\"auto, (max-width: 1024px) 100vw, 1024px\" \/><\/figure>\n\n\n\n<h3 class=\"wp-block-heading\">Wieloprofilowa rehabilitacja dzieci z zaburzeniami rozwojowymi w wieku 0-7 lat z terenu wojew\u00f3dztwa \u0142\u00f3dzkiego (O\u015brodek Wczesnej Interwencji)\u201d<\/h3>\n\n\n\n<p>Realizacja od 01.04.2019 r. do 31.03.2022 r.  finansowany ze \u015brodk\u00f3w PFRON .<\/p>\n\n\n\n<p>W niniejszym programie prowadzone s\u0105 formy wsparcia:<br>\u2022 Terapia \npsychologiczna, terapia logopedyczna, terapia pedagogiczna,fizjoterapia,\n zaj\u0119cia&nbsp; Ruchu Rozwijaj\u0105cego W. Sherborne, trening Umiej\u0119tno\u015bci \nSpo\u0142ecznych, terapia r\u0119ki, komunikacja wspomagaj\u0105ca i alternatywna AAC, \ntrening samodzielno\u015bci <\/p>\n\n\n\n<p>Celem oddzia\u0142ywa\u0144 jest <br>\u2013 wczesna diagnoza i terapia zaburze\u0144 rozwojowych u dzieci 0-7 r.\u017c.<br>\u2013 przeciwdzia\u0142anie rozwoju trwa\u0142ej i g\u0142\u0119bokiej niepe\u0142nosprawno\u015bci<br>\u2013 niwelowanie skutk\u00f3w istniej\u0105cych zaburze\u0144<br>\u2013 zmniejszenie liczebno\u015bci potencjalnej grupy os\u00f3b niepe\u0142nosprawnych w spo\u0142ecze\u0144stwie<br>\u2013 przygotowanie Beneficjent\u00f3w do lepszego funkcjonowania w \u015brodowisku przedszkolnym, szkolnym oraz \u017cyciu doros\u0142ym<br><\/p>\n\n\n\n<p>Warunki rekrutacji <br>\u2013 dzieci z terenu wojew\u00f3dztwa \u0142\u00f3dzkiego w wieku od 0 do 7 r.\u017c.<br>\u2013 aktualne orzeczenie o niepe\u0142nosprawno\u015bci <br><\/p>\n\n\n\n<p><em>Wszystkie dzia\u0142ania realizowane s\u0105 w O\u015brodku Wczesnej Interwencji w Zgierzu przy ul. D\u0142ugiej 62 od poniedzia\u0142ku do pi\u0105tku w godzinach 8-19 oraz w wybrane soboty w godzinach 8-15.<br>Wi\u0119cej mo\u017cna uzyska\u0107 bezpo\u015brednio w O\u015brodku lub telefonicznie dzwoni\u0105c pod numer 42 717 47 11.<\/em><\/p>\n\n\n\n<h3 class=\"wp-block-heading\"><strong>Zesp\u00f3\u0142 Terapeutyczno-Rehabilitacyjny \u201eAktywno\u015bci Spo\u0142ecznej\u201d<\/strong><br><\/h3>\n\n\n\n<p><br>Realizacja od 01.04.2019r. do 31.03.2022r. przez&nbsp; Zesp\u00f3\u0142  Terapeutyczno-Rehabilitacyjny \u201eAktywno\u015bci Spo\u0142ecznej\u201d, wsp\u00f3\u0142finansowany  ze \u015brodk\u00f3w PFRON<\/p>\n\n\n\n<p>Projekt jest skierowany do os\u00f3b doros\u0142ych z obszaru wojew\u00f3dztwa \n\u0142\u00f3dzkiego, a warunkiem uczestnictwa w realizowanych dzia\u0142aniach jest \nposiadanie aktualnego orzeczenia&nbsp; o niepe\u0142nosprawno\u015bci intelektualnej.<\/p>\n\n\n\n<figure class=\"wp-block-gallery alignleft columns-0 is-cropped wp-block-gallery-2 is-layout-flex wp-block-gallery-is-layout-flex\"><ul class=\"blocks-gallery-grid\"><\/ul><\/figure>\n\n\n\n<p><\/p>\n\n\n\n<p><\/p>\n\n\n\n<h2 class=\"wp-block-heading\">BEZPIECZNY WTZ<\/h2>\n\n\n\n<p>Dzi\u0119ki orzynanym \u015brodkom z PFRON w ramach projektu \u201eBezpieczne WTZ i rehabilitacja spo\u0142eczno-zawodowa os\u00f3b z niepe\u0142nosprawno\u015bciami\u201d uprawnione plac\u00f3wki PSONI Ko\u0142o w Zgierzu otrzyma\u0142y dofinansowanie na zakup \u015brodk\u00f3w ochrony osobistej dla pracownik\u00f3w zaanga\u017cowanych w bezpo\u015bredni\u0105 prac\u0119 z osobami z niepe\u0142nosprawno\u015bci\u0105 oraz na \u015brodki dezynfekcyjne i niezb\u0119dne wyposa\u017cenie potrzebne do prawid\u0142owego ich stosowania. Dzi\u0119ki temu mo\u017cliwy by\u0142 zakup maseczek, przy\u0142bic, r\u0119kawiczek jednorazowych, p\u0142yn\u00f3w do dezynfekcji , a tak\u017ce przedmiot\u00f3w wykorzystywanych w ramach codziennej dezynfekcji takich jak ozonatory powietrza oraz bezdotykowe stacje do dezynfekcji d\u0142oni. Otrzymane \u015brodki s\u0105 dla nas ogromnym wsparciem, kt\u00f3re pozwala nam na codzienna, bezpieczn\u0105 prac\u0119.<\/p>\n\n\n\n<figure class=\"wp-block-image size-large\"><img loading=\"lazy\" decoding=\"async\" width=\"597\" height=\"85\" src=\"https:\/\/psonizgierz.pl\/wp-content\/uploads\/2021\/02\/logo.jpg\" alt=\"\" class=\"wp-image-3490\" srcset=\"https:\/\/psonizgierz.pl\/wp-content\/uploads\/2021\/02\/logo.jpg 597w, https:\/\/psonizgierz.pl\/wp-content\/uploads\/2021\/02\/logo-300x43.jpg 300w\" sizes=\"auto, (max-width: 597px) 100vw, 597px\" \/><\/figure>\n\n\n\n<figure class=\"wp-block-gallery columns-3 is-cropped wp-block-gallery-3 is-layout-flex wp-block-gallery-is-layout-flex\"><ul class=\"blocks-gallery-grid\"><li class=\"blocks-gallery-item\"><figure><img loading=\"lazy\" decoding=\"async\" width=\"750\" height=\"1000\" src=\"https:\/\/psonizgierz.pl\/wp-content\/uploads\/2021\/02\/124359683_995112644342654_4983313035654776965_n.jpg\" alt=\"\" data-id=\"3491\" data-full-url=\"https:\/\/psonizgierz.pl\/wp-content\/uploads\/2021\/02\/124359683_995112644342654_4983313035654776965_n.jpg\" data-link=\"https:\/\/psonizgierz.pl\/pfron\/124359683_995112644342654_4983313035654776965_n-2\/\" class=\"wp-image-3491\" srcset=\"https:\/\/psonizgierz.pl\/wp-content\/uploads\/2021\/02\/124359683_995112644342654_4983313035654776965_n.jpg 750w, https:\/\/psonizgierz.pl\/wp-content\/uploads\/2021\/02\/124359683_995112644342654_4983313035654776965_n-225x300.jpg 225w\" sizes=\"auto, (max-width: 750px) 100vw, 750px\" \/><\/figure><\/li><li class=\"blocks-gallery-item\"><figure><img loading=\"lazy\" decoding=\"async\" width=\"750\" height=\"563\" src=\"https:\/\/psonizgierz.pl\/wp-content\/uploads\/2021\/02\/124030321_3336372166485685_1325731395843077930_n-1.jpg\" alt=\"\" data-id=\"3492\" data-full-url=\"https:\/\/psonizgierz.pl\/wp-content\/uploads\/2021\/02\/124030321_3336372166485685_1325731395843077930_n-1.jpg\" data-link=\"https:\/\/psonizgierz.pl\/pfron\/124030321_3336372166485685_1325731395843077930_n-1-2\/\" class=\"wp-image-3492\" srcset=\"https:\/\/psonizgierz.pl\/wp-content\/uploads\/2021\/02\/124030321_3336372166485685_1325731395843077930_n-1.jpg 750w, https:\/\/psonizgierz.pl\/wp-content\/uploads\/2021\/02\/124030321_3336372166485685_1325731395843077930_n-1-300x225.jpg 300w\" sizes=\"auto, (max-width: 750px) 100vw, 750px\" \/><\/figure><\/li><li class=\"blocks-gallery-item\"><figure><img loading=\"lazy\" decoding=\"async\" width=\"750\" height=\"563\" src=\"https:\/\/psonizgierz.pl\/wp-content\/uploads\/2021\/02\/124038843_869498913792825_1074276690192840036_n.jpg\" alt=\"\" data-id=\"3493\" data-full-url=\"https:\/\/psonizgierz.pl\/wp-content\/uploads\/2021\/02\/124038843_869498913792825_1074276690192840036_n.jpg\" data-link=\"https:\/\/psonizgierz.pl\/pfron\/124038843_869498913792825_1074276690192840036_n-2\/\" class=\"wp-image-3493\" srcset=\"https:\/\/psonizgierz.pl\/wp-content\/uploads\/2021\/02\/124038843_869498913792825_1074276690192840036_n.jpg 750w, https:\/\/psonizgierz.pl\/wp-content\/uploads\/2021\/02\/124038843_869498913792825_1074276690192840036_n-300x225.jpg 300w\" sizes=\"auto, (max-width: 750px) 100vw, 750px\" \/><\/figure><\/li><li class=\"blocks-gallery-item\"><figure><img loading=\"lazy\" decoding=\"async\" width=\"750\" height=\"1000\" src=\"https:\/\/psonizgierz.pl\/wp-content\/uploads\/2021\/02\/124152608_783639942484866_2747829689051748587_n.jpg\" alt=\"\" data-id=\"3494\" data-full-url=\"https:\/\/psonizgierz.pl\/wp-content\/uploads\/2021\/02\/124152608_783639942484866_2747829689051748587_n.jpg\" data-link=\"https:\/\/psonizgierz.pl\/pfron\/124152608_783639942484866_2747829689051748587_n-2\/\" class=\"wp-image-3494\" srcset=\"https:\/\/psonizgierz.pl\/wp-content\/uploads\/2021\/02\/124152608_783639942484866_2747829689051748587_n.jpg 750w, https:\/\/psonizgierz.pl\/wp-content\/uploads\/2021\/02\/124152608_783639942484866_2747829689051748587_n-225x300.jpg 225w\" sizes=\"auto, (max-width: 750px) 100vw, 750px\" \/><\/figure><\/li><li class=\"blocks-gallery-item\"><figure><img loading=\"lazy\" decoding=\"async\" width=\"750\" height=\"563\" src=\"https:\/\/psonizgierz.pl\/wp-content\/uploads\/2021\/02\/124386495_942547379485759_9194751386395831589_n.jpg\" alt=\"\" data-id=\"3495\" data-full-url=\"https:\/\/psonizgierz.pl\/wp-content\/uploads\/2021\/02\/124386495_942547379485759_9194751386395831589_n.jpg\" data-link=\"https:\/\/psonizgierz.pl\/pfron\/124386495_942547379485759_9194751386395831589_n-2\/\" class=\"wp-image-3495\" srcset=\"https:\/\/psonizgierz.pl\/wp-content\/uploads\/2021\/02\/124386495_942547379485759_9194751386395831589_n.jpg 750w, https:\/\/psonizgierz.pl\/wp-content\/uploads\/2021\/02\/124386495_942547379485759_9194751386395831589_n-300x225.jpg 300w\" sizes=\"auto, (max-width: 750px) 100vw, 750px\" \/><\/figure><\/li><\/ul><\/figure>\n","protected":false},"excerpt":{"rendered":"<p>Warsztaty kompetencji spo\u0142ecznych os\u00f3b z niepe\u0142nosprawno\u015bci\u0105 intelektualn\u0105. Dobieg\u0142 ko\u0144ca realizowany od wrze\u015bnia do grudnia 2021 roku projekt pn: Warsztaty kompetencji spo\u0142ecznych os\u00f3b z niepe\u0142nosprawno\u015bci\u0105 intelektualn\u0105. Zadanie zosta\u0142o zrealizowane z \u015brodk\u00f3w PFRON b\u0119d\u0105cych w dyspozycji Zarz\u0105du Wojew\u00f3dztwa \u0141\u00f3dzkiego. Rezultatem realizacji zadania by\u0142o przeprowadzenie 16 warsztat\u00f3w kompetencji spo\u0142ecznych dla 12 os\u00f3b z niepe\u0142nosprawno\u015bci\u0105 intelektualn\u0105, kt\u00f3rych celem by\u0142a [&hellip;]<\/p>\n","protected":false},"author":3,"featured_media":0,"parent":0,"menu_order":0,"comment_status":"closed","ping_status":"closed","template":"","meta":{"footnotes":""},"class_list":["post-615","page","type-page","status-publish","hentry"],"_links":{"self":[{"href":"https:\/\/psonizgierz.pl\/index.php?rest_route=\/wp\/v2\/pages\/615","targetHints":{"allow":["GET"]}}],"collection":[{"href":"https:\/\/psonizgierz.pl\/index.php?rest_route=\/wp\/v2\/pages"}],"about":[{"href":"https:\/\/psonizgierz.pl\/index.php?rest_route=\/wp\/v2\/types\/page"}],"author":[{"embeddable":true,"href":"https:\/\/psonizgierz.pl\/index.php?rest_route=\/wp\/v2\/users\/3"}],"replies":[{"embeddable":true,"href":"https:\/\/psonizgierz.pl\/index.php?rest_route=%2Fwp%2Fv2%2Fcomments&post=615"}],"version-history":[{"count":16,"href":"https:\/\/psonizgierz.pl\/index.php?rest_route=\/wp\/v2\/pages\/615\/revisions"}],"predecessor-version":[{"id":4048,"href":"https:\/\/psonizgierz.pl\/index.php?rest_route=\/wp\/v2\/pages\/615\/revisions\/4048"}],"wp:attachment":[{"href":"https:\/\/psonizgierz.pl\/index.php?rest_route=%2Fwp%2Fv2%2Fmedia&parent=615"}],"curies":[{"name":"wp","href":"https:\/\/api.w.org\/{rel}","templated":true}]}}