{"id":626,"date":"2018-12-11T23:01:02","date_gmt":"2018-12-11T22:01:02","guid":{"rendered":"http:\/\/psonizgierz.pl\/?page_id=626"},"modified":"2019-03-27T00:31:27","modified_gmt":"2019-03-26T23:31:27","slug":"powiat-zgierz","status":"publish","type":"page","link":"https:\/\/psonizgierz.pl\/?page_id=626","title":{"rendered":"Powiat Zgierz"},"content":{"rendered":"\n<div class=\"wp-block-image\"><figure class=\"alignleft is-resized\"><img loading=\"lazy\" decoding=\"async\" src=\"https:\/\/psonizgierz.pl\/wp-content\/uploads\/2018\/12\/powiat.png\" alt=\"\" class=\"wp-image-636\" width=\"115\" height=\"140\"\/><\/figure><\/div>\n\n\n\n<h1 class=\"wp-block-heading\"> CENTRUM US\u0141UG \u015aRODOWISKOWYCH (CU\u015a) <\/h1>\n\n\n\n<p> Polskie Stowarzyszenie na rzecz Os\u00f3b z Niepe\u0142nosprawno\u015bci\u0105 Intelektualn\u0105 Ko\u0142o w Zgierzu jako partner realizuje projekt pn. <strong>Centrum Us\u0142ug \u015arodowiskowych w Powiecie Zgierskim <\/strong> -RPLD.09.02.01-IP.01-10-002\/18, <\/p>\n\n\n\n<p>zadanie: <strong>Wsparcie rodziny w zakresie opieki wytchnieniowej<\/strong><\/p>\n\n\n\n<p>zadanie:<em><strong> Utworzenie i dzia\u0142alno\u015b\u0107 mieszkania wspieranego i treningowego (MW)<\/strong><\/em><\/p>\n\n\n\n<p><\/p>\n\n\n\n<p> w ramach Regionalnego Programu Operacyjnego Wojew\u00f3dztwa \u0141\u00f3dzkiego na  lata 2014-2020 wsp\u00f3\u0142finansowanego  ze \u015brodk\u00f3w  Europejskiego  Funduszu   Spo\u0142ecznego, o\u015b priorytetowa IX W\u0142\u0105czenie spo\u0142eczne, dzia\u0142ania dla osi  X.2 Us\u0142ugi na rzecz os\u00f3b zagro\u017conych ub\u00f3stwem lub wykluczeniem  spo\u0142ecznym,  poddzia\u0142anie IX.2.1 Us\u0142ugi spo\u0142eczne i zdrowotne <\/p>\n\n\n\n<p><strong> Lider projektu<\/strong> Starostwo Powiatowe Zgierz. <\/p>\n\n\n\n<p><strong>Partnerzy:<\/strong><\/p>\n\n\n\n<ol class=\"wp-block-list\"><li>Gmina Miasto Zgierz\/Miejski O\u015brodek Pomocy Spo\u0142ecznej w Zgierzu<\/li><li>Gmina Miasta G\u0142owno\/Miejski O\u015brodek Pomocy Spo\u0142ecznej w G\u0142ownie<\/li><li>Polskie Stowarzyszenie na rzecz Os\u00f3b z Niepe\u0142nosprawno\u015bci\u0105 Intelektualn\u0105 Ko\u0142o w Zgierzu<\/li><li>Stowarzyszenie Hospicjum im. Jana Paw\u0142a II przy Parafii N.M.P. R\u00f3\u017ca\u0144cowej<\/li><li>Fundacja Os\u00f3b Spo\u0142ecznie Aktywnych F.O.S.A.<\/li><\/ol>\n\n\n\n<p><strong>Cele projektu:<\/strong><br> \u201ePoprawa dost\u0119pu do realizowanych w regionie us\u0142ug spo\u0142ecznych ograniczaj\u0105cych ub\u00f3stwo i wykluczenie spo\u0142eczne\u201d<br> \u201ePoprawa dost\u0119pu do us\u0142ug zdrowotnych odpowiadaj\u0105cych na zdiagnozowane potrzeby w regionie\u201d<br> <br> <strong>Planowane dzia\u0142ania<\/strong><\/p>\n\n\n\n<p>Specjalistyczne us\u0142ugi opieku\u0144cze realizowane dla os\u00f3b niesamodzielnych w miejscu zamieszkania, dla mieszka\u0144c\u00f3w miasta G\u0142owno<\/p>\n\n\n\n<ol class=\"wp-block-list\"><li>Kompleksowa opieka hospicjum domowego \u2013 us\u0142uga zdrowotna<\/li><li>Specjalistyczne us\u0142ugi opieku\u0144cze w miejscu zamieszkania<\/li><li>Utworzenie i dzia\u0142alno\u015b\u0107 mieszkania wspieranego i treningowego<\/li><li>Wsparcie rodziny w zakresie opieki wytchnieniowej<\/li><li>Praca socjalna<\/li><li>Us\u0142ugi asystenta osoby niepe\u0142nosprawnej AOON<\/li><li>Wsparcie opiekun\u00f3w faktycznych<\/li><li>Us\u0142ugi prawne dla os\u00f3b niesamodzielnych oraz opiekun\u00f3w faktycznych os\u00f3b niepe\u0142nosprawnych<\/li><\/ol>\n\n\n\n<p> <strong>Biuro projektu:<\/strong><br> Powiatowe Centrum Pomocy Rodzinie w Zgierzu, ul. Sadowa 6a, 95-100 Zgierz pok. 4\/5<br> tel. (42) 715 \u2013 43 \u2013 58, adres e-mail: pcpr@powiat.zgierz.pl<br> Ca\u0142kowita warto\u015b\u0107 projektu : 6 318 904,33 z\u0142<br> Dofinansowanie 5 643 317,59 z\u0142 z nast\u0119puj\u0105cych \u017ar\u00f3de\u0142:<\/p>\n\n\n\n<ul class=\"wp-block-list\"><li>ze \u015brodk\u00f3w europejskich w kwocie nieprzekraczaj\u0105cej 5 370 977,44 z\u0142<\/li><li>ze \u015brodk\u00f3w dotacji celowej w kwocie nieprzekraczaj\u0105cej 272 340,15 z\u0142<\/li><\/ul>\n\n\n\n<p>Czas realizacji projektu: <strong>marzec 2019 r. \u2013 luty 2022 r.<\/strong><\/p>\n\n\n\n<figure class=\"wp-block-image\"><img loading=\"lazy\" decoding=\"async\" width=\"1024\" height=\"117\" src=\"https:\/\/psonizgierz.pl\/wp-content\/uploads\/2019\/03\/obraz-5-1024x117.png\" alt=\"\" class=\"wp-image-1169\" srcset=\"https:\/\/psonizgierz.pl\/wp-content\/uploads\/2019\/03\/obraz-5-1024x117.png 1024w, https:\/\/psonizgierz.pl\/wp-content\/uploads\/2019\/03\/obraz-5-300x34.png 300w, https:\/\/psonizgierz.pl\/wp-content\/uploads\/2019\/03\/obraz-5-768x88.png 768w, https:\/\/psonizgierz.pl\/wp-content\/uploads\/2019\/03\/obraz-5.png 1386w\" sizes=\"auto, (max-width: 1024px) 100vw, 1024px\" \/><\/figure>\n\n\n\n<p><br><\/p>\n","protected":false},"excerpt":{"rendered":"<p>CENTRUM US\u0141UG \u015aRODOWISKOWYCH (CU\u015a) Polskie Stowarzyszenie na rzecz Os\u00f3b z Niepe\u0142nosprawno\u015bci\u0105 Intelektualn\u0105 Ko\u0142o w Zgierzu jako partner realizuje projekt pn. Centrum Us\u0142ug \u015arodowiskowych w Powiecie Zgierskim -RPLD.09.02.01-IP.01-10-002\/18, zadanie: Wsparcie rodziny w zakresie opieki wytchnieniowej zadanie: Utworzenie i dzia\u0142alno\u015b\u0107 mieszkania wspieranego i treningowego (MW) w ramach Regionalnego Programu Operacyjnego Wojew\u00f3dztwa \u0141\u00f3dzkiego na lata 2014-2020 wsp\u00f3\u0142finansowanego ze [&hellip;]<\/p>\n","protected":false},"author":3,"featured_media":0,"parent":0,"menu_order":0,"comment_status":"closed","ping_status":"closed","template":"","meta":{"footnotes":""},"class_list":["post-626","page","type-page","status-publish","hentry"],"_links":{"self":[{"href":"https:\/\/psonizgierz.pl\/index.php?rest_route=\/wp\/v2\/pages\/626","targetHints":{"allow":["GET"]}}],"collection":[{"href":"https:\/\/psonizgierz.pl\/index.php?rest_route=\/wp\/v2\/pages"}],"about":[{"href":"https:\/\/psonizgierz.pl\/index.php?rest_route=\/wp\/v2\/types\/page"}],"author":[{"embeddable":true,"href":"https:\/\/psonizgierz.pl\/index.php?rest_route=\/wp\/v2\/users\/3"}],"replies":[{"embeddable":true,"href":"https:\/\/psonizgierz.pl\/index.php?rest_route=%2Fwp%2Fv2%2Fcomments&post=626"}],"version-history":[{"count":5,"href":"https:\/\/psonizgierz.pl\/index.php?rest_route=\/wp\/v2\/pages\/626\/revisions"}],"predecessor-version":[{"id":1170,"href":"https:\/\/psonizgierz.pl\/index.php?rest_route=\/wp\/v2\/pages\/626\/revisions\/1170"}],"wp:attachment":[{"href":"https:\/\/psonizgierz.pl\/index.php?rest_route=%2Fwp%2Fv2%2Fmedia&parent=626"}],"curies":[{"name":"wp","href":"https:\/\/api.w.org\/{rel}","templated":true}]}}