{"id":630,"date":"2018-12-11T23:03:03","date_gmt":"2018-12-11T22:03:03","guid":{"rendered":"http:\/\/psonizgierz.pl\/?page_id=630"},"modified":"2021-02-24T17:40:39","modified_gmt":"2021-02-24T16:40:39","slug":"miasto-zgierz","status":"publish","type":"page","link":"https:\/\/psonizgierz.pl\/?page_id=630","title":{"rendered":"Miasto Zgierz"},"content":{"rendered":"\n<p> <\/p>\n\n\n\n<div class=\"wp-block-image\"><figure class=\"alignright is-resized\"><img loading=\"lazy\" decoding=\"async\" src=\"https:\/\/psonizgierz.pl\/wp-content\/uploads\/2018\/12\/zgierz-1.png\" alt=\"\" class=\"wp-image-633\" width=\"121\" height=\"133\"\/><\/figure><\/div>\n\n\n\n\n\n<h3 class=\"wp-block-heading\">CAFE BISTRO &#8222;U Tkaczy&#8221;<\/h3>\n\n\n\n<p>Zadanie realizowane przez PSONI Ko\u0142o w Zgierzu z Gmin\u0105 Miastem Zgierz w ramach projektu:\u00a0<em><strong>Miasto Tkaczy jako forma aktywizacji spo\u0142ecznej os\u00f3b zagro\u017conych wykluczeniem kulturalnym<\/strong><\/em><\/p>\n\n\n\n<p>Realizacja: 01.01.2020-31.01.2021<\/p>\n","protected":false},"excerpt":{"rendered":"<p>CAFE BISTRO &#8222;U Tkaczy&#8221; Zadanie realizowane przez PSONI Ko\u0142o w Zgierzu z Gmin\u0105 Miastem Zgierz w ramach projektu:\u00a0Miasto Tkaczy jako forma aktywizacji spo\u0142ecznej os\u00f3b zagro\u017conych wykluczeniem kulturalnym Realizacja: 01.01.2020-31.01.2021<\/p>\n","protected":false},"author":3,"featured_media":0,"parent":0,"menu_order":0,"comment_status":"closed","ping_status":"closed","template":"","meta":{"footnotes":""},"class_list":["post-630","page","type-page","status-publish","hentry"],"_links":{"self":[{"href":"https:\/\/psonizgierz.pl\/index.php?rest_route=\/wp\/v2\/pages\/630","targetHints":{"allow":["GET"]}}],"collection":[{"href":"https:\/\/psonizgierz.pl\/index.php?rest_route=\/wp\/v2\/pages"}],"about":[{"href":"https:\/\/psonizgierz.pl\/index.php?rest_route=\/wp\/v2\/types\/page"}],"author":[{"embeddable":true,"href":"https:\/\/psonizgierz.pl\/index.php?rest_route=\/wp\/v2\/users\/3"}],"replies":[{"embeddable":true,"href":"https:\/\/psonizgierz.pl\/index.php?rest_route=%2Fwp%2Fv2%2Fcomments&post=630"}],"version-history":[{"count":4,"href":"https:\/\/psonizgierz.pl\/index.php?rest_route=\/wp\/v2\/pages\/630\/revisions"}],"predecessor-version":[{"id":3619,"href":"https:\/\/psonizgierz.pl\/index.php?rest_route=\/wp\/v2\/pages\/630\/revisions\/3619"}],"wp:attachment":[{"href":"https:\/\/psonizgierz.pl\/index.php?rest_route=%2Fwp%2Fv2%2Fmedia&parent=630"}],"curies":[{"name":"wp","href":"https:\/\/api.w.org\/{rel}","templated":true}]}}