{"id":953,"date":"2019-03-25T10:14:22","date_gmt":"2019-03-25T09:14:22","guid":{"rendered":"http:\/\/psonizgierz.pl\/?page_id=953"},"modified":"2019-06-23T08:40:24","modified_gmt":"2019-06-23T06:40:24","slug":"mieszkalnictwo-wspierane","status":"publish","type":"page","link":"https:\/\/psonizgierz.pl\/?page_id=953","title":{"rendered":"MIESZKALNICTWO WSPIERANE i TRENINGOWE"},"content":{"rendered":"\n<p>Polskie Stowarzyszenie na rzecz Os\u00f3b z Niepe\u0142nosprawno\u015bci\u0105 Intelektualn\u0105 Ko\u0142o w Zgierzu jako partner projektu \u201eCentrum Us\u0142ug \u015arodowiskowych w Powiecie Zgierskim\u201d realizuje zadanie jakim jest:<br> <strong>Utworzenie i dzia\u0142alno\u015b\u0107 mieszkania wspieranego i treningowego<\/strong><br> Realizacja zadania dotyczy utworzenia mieszka\u0144 wspomaganych dla os\u00f3b z niepe\u0142nosprawno\u015bci\u0105 intelektualn\u0105<br> Us\u0142uga mieszka\u0144 wspomaganych i treningowych opiera\u0107 si\u0119 b\u0119dzie na ca\u0142odobowym pobycie uczestnika projektu w mieszkaniu wspieranym i mieszkaniu treningowym<br>Us\u0142ugi mieszka\u0144 wspomaganych i treningowych b\u0119d\u0105 realizowane w mieszkaniach budynku PSONI Ko\u0142o w Zgierzu<\/p>\n\n\n\n<p> Czas realizacji projektu: <strong>maj 2019 r. \u2013 stycze\u0144 2022 r<\/strong>. <\/p>\n\n\n\n<p>Projekt \u201eCentrum Us\u0142ug \u015arodowiskowych w Powiecie Zgierskim\u201d jest projektem partnerskim wsp\u00f3\u0142finansowanym ze \u015brodk\u00f3w Europejskiego Funduszu Spo\u0142ecznego realizowanego w ramach Regionalnego Programu Operacyjnego Wojew\u00f3dztwa \u0141\u00f3dzkiego na lata 2014-2020<\/p>\n\n\n\n<ul class=\"wp-block-gallery columns-3 is-cropped wp-block-gallery-1 is-layout-flex wp-block-gallery-is-layout-flex\"><li class=\"blocks-gallery-item\"><figure><img loading=\"lazy\" decoding=\"async\" width=\"725\" height=\"1024\" src=\"https:\/\/psonizgierz.pl\/wp-content\/uploads\/2019\/04\/oficjal_1-725x1024.jpg\" alt=\"\" data-id=\"1514\" data-link=\"https:\/\/psonizgierz.pl\/centrum-uslug-srodowiskowych\/oficjal_1\/\" class=\"wp-image-1514\" srcset=\"https:\/\/psonizgierz.pl\/wp-content\/uploads\/2019\/04\/oficjal_1-725x1024.jpg 725w, https:\/\/psonizgierz.pl\/wp-content\/uploads\/2019\/04\/oficjal_1-212x300.jpg 212w, https:\/\/psonizgierz.pl\/wp-content\/uploads\/2019\/04\/oficjal_1-768x1085.jpg 768w, https:\/\/psonizgierz.pl\/wp-content\/uploads\/2019\/04\/oficjal_1.jpg 1123w\" sizes=\"auto, (max-width: 725px) 100vw, 725px\" \/><figcaption><a href=\"https:\/\/psonizgierz.pl\/wp-content\/uploads\/2019\/04\/cu\u015b-OFICJAL-1.pdf\">https:\/\/psonizgierz.pl\/wp-content\/uploads\/2019\/04\/cu\u015b-OFICJAL-1.pdf<\/a><\/figcaption><\/figure><\/li><li class=\"blocks-gallery-item\"><figure><img loading=\"lazy\" decoding=\"async\" width=\"725\" height=\"1024\" src=\"https:\/\/psonizgierz.pl\/wp-content\/uploads\/2019\/04\/mieszkanie_2-725x1024.jpg\" alt=\"\" data-id=\"1515\" data-link=\"https:\/\/psonizgierz.pl\/centrum-uslug-srodowiskowych\/mieszkanie_2\/\" class=\"wp-image-1515\" srcset=\"https:\/\/psonizgierz.pl\/wp-content\/uploads\/2019\/04\/mieszkanie_2-725x1024.jpg 725w, https:\/\/psonizgierz.pl\/wp-content\/uploads\/2019\/04\/mieszkanie_2-212x300.jpg 212w, https:\/\/psonizgierz.pl\/wp-content\/uploads\/2019\/04\/mieszkanie_2-768x1085.jpg 768w, https:\/\/psonizgierz.pl\/wp-content\/uploads\/2019\/04\/mieszkanie_2.jpg 794w\" sizes=\"auto, (max-width: 725px) 100vw, 725px\" \/><figcaption><a href=\"https:\/\/psonizgierz.pl\/wp-content\/uploads\/2019\/04\/PSONI-mieszkanie-2.pdf\">https:\/\/psonizgierz.pl\/wp-content\/uploads\/2019\/04\/PSONI-mieszkanie-2.pdf<\/a><\/figcaption><\/figure><\/li><li class=\"blocks-gallery-item\"><figure><img loading=\"lazy\" decoding=\"async\" width=\"725\" height=\"1024\" src=\"https:\/\/psonizgierz.pl\/wp-content\/uploads\/2019\/04\/opieka_3-725x1024.jpg\" alt=\"\" data-id=\"1516\" data-link=\"https:\/\/psonizgierz.pl\/centrum-uslug-srodowiskowych\/opieka_3\/\" class=\"wp-image-1516\" srcset=\"https:\/\/psonizgierz.pl\/wp-content\/uploads\/2019\/04\/opieka_3-725x1024.jpg 725w, https:\/\/psonizgierz.pl\/wp-content\/uploads\/2019\/04\/opieka_3-212x300.jpg 212w, https:\/\/psonizgierz.pl\/wp-content\/uploads\/2019\/04\/opieka_3-768x1085.jpg 768w, https:\/\/psonizgierz.pl\/wp-content\/uploads\/2019\/04\/opieka_3.jpg 794w\" sizes=\"auto, (max-width: 725px) 100vw, 725px\" \/><figcaption><a href=\"https:\/\/psonizgierz.pl\/wp-content\/uploads\/2019\/04\/PSONI-opieka-wytchnieniowa.pdf\">https:\/\/psonizgierz.pl\/wp-content\/uploads\/2019\/04\/PSONI-opieka-wytchnieniowa.pdf<\/a><\/figcaption><\/figure><\/li><\/ul>\n\n\n\n<table class=\"wp-block-table has-fixed-layout is-style-stripes\"><tbody><tr><td><strong><a href=\"https:\/\/psonizgierz.pl\/wp-content\/uploads\/2019\/05\/REGULAMIN-REKRUTACJI-MIESZKALNICTWO.pdf\">Regulamin rekrutacji<\/a><\/strong><\/td><td><strong>Mieszkalnictwo wspomagane<\/strong> <br><em><a href=\"https:\/\/psonizgierz.pl\/wp-content\/uploads\/2019\/05\/Wniosek-o-przyznanie-pomocy-w-formie-pobytu-w-MW-i-MT.pdf\">materia\u0142y do pobrania<\/a><\/em><a href=\"https:\/\/psonizgierz.pl\/wp-content\/uploads\/2019\/05\/Wniosek-o-przyznanie-pomocy-w-formie-pobytu-w-MW-i-MT.pdf\"> <\/a><\/td><td><strong>Opieka wytchnieniowa<\/strong><br><em><a href=\"https:\/\/psonizgierz.pl\/wp-content\/uploads\/2019\/05\/Formularz-zg\u0142oszeniowy-wytchnienie.pdf\">materia\u0142y do pobrania<\/a><\/em><a href=\"https:\/\/psonizgierz.pl\/wp-content\/uploads\/2019\/05\/Formularz-zg\u0142oszeniowy-wytchnienie.pdf\"> <\/a><\/td><\/tr><\/tbody><\/table>\n\n\n<p><!--EndFragment--><br>\n<br>\n<\/p>\n\n\n<figure class=\"wp-block-image\"><img loading=\"lazy\" decoding=\"async\" width=\"1024\" height=\"118\" src=\"https:\/\/psonizgierz.pl\/wp-content\/uploads\/2019\/03\/obraz-1-1024x118.png\" alt=\"\" class=\"wp-image-1074\" srcset=\"https:\/\/psonizgierz.pl\/wp-content\/uploads\/2019\/03\/obraz-1-1024x118.png 1024w, https:\/\/psonizgierz.pl\/wp-content\/uploads\/2019\/03\/obraz-1-300x35.png 300w, https:\/\/psonizgierz.pl\/wp-content\/uploads\/2019\/03\/obraz-1-768x89.png 768w, https:\/\/psonizgierz.pl\/wp-content\/uploads\/2019\/03\/obraz-1.png 1041w\" sizes=\"auto, (max-width: 1024px) 100vw, 1024px\" \/><\/figure>\n","protected":false},"excerpt":{"rendered":"<p>Polskie Stowarzyszenie na rzecz Os\u00f3b z Niepe\u0142nosprawno\u015bci\u0105 Intelektualn\u0105 Ko\u0142o w Zgierzu jako partner projektu \u201eCentrum Us\u0142ug \u015arodowiskowych w Powiecie Zgierskim\u201d realizuje zadanie jakim jest: Utworzenie i dzia\u0142alno\u015b\u0107 mieszkania wspieranego i treningowego Realizacja zadania dotyczy utworzenia mieszka\u0144 wspomaganych dla os\u00f3b z niepe\u0142nosprawno\u015bci\u0105 intelektualn\u0105 Us\u0142uga mieszka\u0144 wspomaganych i treningowych opiera\u0107 si\u0119 b\u0119dzie na ca\u0142odobowym pobycie uczestnika projektu [&hellip;]<\/p>\n","protected":false},"author":3,"featured_media":0,"parent":0,"menu_order":0,"comment_status":"closed","ping_status":"closed","template":"","meta":{"footnotes":""},"class_list":["post-953","page","type-page","status-publish","hentry"],"_links":{"self":[{"href":"https:\/\/psonizgierz.pl\/index.php?rest_route=\/wp\/v2\/pages\/953","targetHints":{"allow":["GET"]}}],"collection":[{"href":"https:\/\/psonizgierz.pl\/index.php?rest_route=\/wp\/v2\/pages"}],"about":[{"href":"https:\/\/psonizgierz.pl\/index.php?rest_route=\/wp\/v2\/types\/page"}],"author":[{"embeddable":true,"href":"https:\/\/psonizgierz.pl\/index.php?rest_route=\/wp\/v2\/users\/3"}],"replies":[{"embeddable":true,"href":"https:\/\/psonizgierz.pl\/index.php?rest_route=%2Fwp%2Fv2%2Fcomments&post=953"}],"version-history":[{"count":19,"href":"https:\/\/psonizgierz.pl\/index.php?rest_route=\/wp\/v2\/pages\/953\/revisions"}],"predecessor-version":[{"id":1746,"href":"https:\/\/psonizgierz.pl\/index.php?rest_route=\/wp\/v2\/pages\/953\/revisions\/1746"}],"wp:attachment":[{"href":"https:\/\/psonizgierz.pl\/index.php?rest_route=%2Fwp%2Fv2%2Fmedia&parent=953"}],"curies":[{"name":"wp","href":"https:\/\/api.w.org\/{rel}","templated":true}]}}